{"id":305,"date":"2025-12-01T20:00:09","date_gmt":"2025-12-01T20:00:09","guid":{"rendered":"https:\/\/mariajesussarabiagarcia.com\/?post_type=product&#038;p=305"},"modified":"2026-01-27T09:45:18","modified_gmt":"2026-01-27T09:45:18","slug":"fire-and-fly","status":"publish","type":"product","link":"https:\/\/mariajesussarabiagarcia.com\/es\/producto\/fire-and-fly\/","title":{"rendered":"Pintura abstracta acr\u00edlica de Tierra y Aire"},"content":{"rendered":"<pre id=\"tw-target-text\" class=\"tw-data-text tw-text-large tw-ta\" dir=\"ltr\" tabindex=\"-1\" role=\"text\" data-placeholder=\"Translation\" data-ved=\"2ahUKEwjRvf_g2qSRAxVE_rsIHYPmBBgQ3ewLegQIDBAV\" aria-label=\"Translated text: Acrylics on canvas\"><span class=\"Y2IQFc\" lang=\"en\">Est\u00e1 es mi obra Tierra y Aire, en ella me dej\u00e9 llevar por el sentimiento de lo invisible, esa parte en la mantenemos los pies con fuerza en lo que nos  da seguridad ,representada por un caballo camuflado entre pinceladas que desaparecen y aparecen para dejarnos esa imagen un poco irreal , el es la seguridad de la pisada,el camino que se ve ,la direcci\u00f3n que vemos marcada en el trayecto de nuestra vida ; sobre el el \u00e1guila con su mirada fija larga incluso cruel ,rey del aire no se le escapa detalle ahy en la tierra. \n\nEn el quiero reflejar los sue\u00f1os,las emociones las ilusiones y todo aquello que flota arriba sin que casi lo notemos pero est\u00e1 ahy ,, aquello a lo que solo prestamos atenci\u00f3n si nos paramos y miramos .  El est\u00e1 ahy para hacernos perder ese trote ligero y levantarnos darnos alas y cometer el error o la osad\u00eda certera de levantar el vuelo con un sue\u00f1o una ilusi\u00f3n o una pesadilla , sus alas se fundes tras el caballo para ser solo una sombra humo que puedes usar  o simplemente ver c\u00f3mo se va fundirendo con el aire.\r\n<\/span><\/pre>","protected":false},"excerpt":{"rendered":"<p>En esta obra quiero reflejar que debemos mantener lo que no se ve dentro de nosotros vivo siempre acompa\u00f1ado de nuestros pies en la tierra.<\/p>\n<p>Que nuestras alas deben estar dispuestas y al acecho pero nuestras piernas fuerte y firmes sobre la materia, la tierra de la que formamos parte. Formaci\u00f3n inseparable para el equilibrio que nadie deber\u00eda anular y dejar que nadie anule.<\/p>","protected":false},"featured_media":409,"comment_status":"open","ping_status":"closed","template":"","meta":[],"product_brand":[],"product_cat":[23],"product_tag":[33,27,32],"class_list":{"0":"post-305","1":"product","2":"type-product","3":"status-publish","4":"has-post-thumbnail","6":"product_cat-acrylic-paintings","7":"product_tag-abstract","8":"product_tag-acrylic","9":"product_tag-canvas","11":"first","12":"instock","13":"sold-individually","14":"shipping-taxable","15":"purchasable","16":"product-type-simple"},"yoast_head":"<!-- This site is optimized with the Yoast SEO plugin v27.5 - https:\/\/yoast.com\/product\/yoast-seo-wordpress\/ -->\n<title>Earth and Air Acrylic Abstract Painting - Maria Jesus Sarabia Garcia<\/title>\n<meta name=\"description\" content=\"This is my work, Earth and Air. In it, I let myself be guided by the feeling of the invisible, that part where we keep our feet firmly planted on what gives us security. This is represented by a horse camouflaged among brushstrokes that disappear and reappear, leaving us with this somewhat unreal image. It is the security of the footstep, the path we see, the direction we see marked on the journey of our lives. Above it, the eagle, with its fixed, long, even cruel gaze, king of the air, misses no detail on the earth. In it, I want to reflect dreams, emotions, illusions, and all that floats above, almost unnoticed, yet always there\u2014that which we only pay attention to if we stop and look. He is there to make us lose that light trot and lift us up, give us wings and make the mistake or the sure daring act of taking flight with a dream, an illusion or a nightmare; his wings melt behind the horse to be just a shadow, smoke that you can use or simply watch as it melts away into the air.\" \/>\n<meta name=\"robots\" content=\"index, follow, max-snippet:-1, max-image-preview:large, max-video-preview:-1\" \/>\n<link rel=\"canonical\" href=\"https:\/\/mariajesussarabiagarcia.com\/es\/producto\/fire-and-fly\/\" \/>\n<meta property=\"og:locale\" content=\"es_ES\" \/>\n<meta property=\"og:type\" content=\"article\" \/>\n<meta property=\"og:title\" content=\"Earth and Air Acrylic Abstract Painting - Maria Jesus Sarabia Garcia\" \/>\n<meta property=\"og:description\" content=\"This is my work, Earth and Air. In it, I let myself be guided by the feeling of the invisible, that part where we keep our feet firmly planted on what gives us security. This is represented by a horse camouflaged among brushstrokes that disappear and reappear, leaving us with this somewhat unreal image. It is the security of the footstep, the path we see, the direction we see marked on the journey of our lives. Above it, the eagle, with its fixed, long, even cruel gaze, king of the air, misses no detail on the earth. In it, I want to reflect dreams, emotions, illusions, and all that floats above, almost unnoticed, yet always there\u2014that which we only pay attention to if we stop and look. He is there to make us lose that light trot and lift us up, give us wings and make the mistake or the sure daring act of taking flight with a dream, an illusion or a nightmare; his wings melt behind the horse to be just a shadow, smoke that you can use or simply watch as it melts away into the air.\" \/>\n<meta property=\"og:url\" content=\"https:\/\/mariajesussarabiagarcia.com\/es\/producto\/fire-and-fly\/\" \/>\n<meta property=\"og:site_name\" content=\"Maria Jesus Sarabia Garcia\" \/>\n<meta property=\"article:modified_time\" content=\"2026-01-27T09:45:18+00:00\" \/>\n<meta property=\"og:image\" content=\"https:\/\/mariajesussarabiagarcia.com\/wp-content\/uploads\/2025\/12\/Earth-and-Air-Acrylic-Canvas-Abstract-Painting-e1765397932727.webp\" \/>\n\t<meta property=\"og:image:width\" content=\"1400\" \/>\n\t<meta property=\"og:image:height\" content=\"1783\" \/>\n\t<meta property=\"og:image:type\" content=\"image\/webp\" \/>\n<meta name=\"twitter:card\" content=\"summary_large_image\" \/>\n<meta name=\"twitter:label1\" content=\"Tiempo de lectura\" \/>\n\t<meta name=\"twitter:data1\" content=\"1 minuto\" \/>\n<script type=\"application\/ld+json\" class=\"yoast-schema-graph\">{\"@context\":\"https:\\\/\\\/schema.org\",\"@graph\":[{\"@type\":\"WebPage\",\"@id\":\"https:\\\/\\\/mariajesussarabiagarcia.com\\\/product\\\/fire-and-fly\\\/\",\"url\":\"https:\\\/\\\/mariajesussarabiagarcia.com\\\/product\\\/fire-and-fly\\\/\",\"name\":\"Earth and Air Acrylic Abstract Painting - Maria Jesus Sarabia Garcia\",\"isPartOf\":{\"@id\":\"https:\\\/\\\/mariajesussarabiagarcia.com\\\/#website\"},\"primaryImageOfPage\":{\"@id\":\"https:\\\/\\\/mariajesussarabiagarcia.com\\\/product\\\/fire-and-fly\\\/#primaryimage\"},\"image\":{\"@id\":\"https:\\\/\\\/mariajesussarabiagarcia.com\\\/product\\\/fire-and-fly\\\/#primaryimage\"},\"thumbnailUrl\":\"https:\\\/\\\/mariajesussarabiagarcia.com\\\/wp-content\\\/uploads\\\/2025\\\/12\\\/Earth-and-Air-Acrylic-Canvas-Abstract-Painting-e1765397932727.webp\",\"datePublished\":\"2025-12-01T20:00:09+00:00\",\"dateModified\":\"2026-01-27T09:45:18+00:00\",\"description\":\"This is my work, Earth and Air. In it, I let myself be guided by the feeling of the invisible, that part where we keep our feet firmly planted on what gives us security. This is represented by a horse camouflaged among brushstrokes that disappear and reappear, leaving us with this somewhat unreal image. It is the security of the footstep, the path we see, the direction we see marked on the journey of our lives. Above it, the eagle, with its fixed, long, even cruel gaze, king of the air, misses no detail on the earth. In it, I want to reflect dreams, emotions, illusions, and all that floats above, almost unnoticed, yet always there\u2014that which we only pay attention to if we stop and look. He is there to make us lose that light trot and lift us up, give us wings and make the mistake or the sure daring act of taking flight with a dream, an illusion or a nightmare; his wings melt behind the horse to be just a shadow, smoke that you can use or simply watch as it melts away into the air.\",\"breadcrumb\":{\"@id\":\"https:\\\/\\\/mariajesussarabiagarcia.com\\\/product\\\/fire-and-fly\\\/#breadcrumb\"},\"inLanguage\":\"es\",\"potentialAction\":[{\"@type\":\"ReadAction\",\"target\":[\"https:\\\/\\\/mariajesussarabiagarcia.com\\\/product\\\/fire-and-fly\\\/\"]}]},{\"@type\":\"ImageObject\",\"inLanguage\":\"es\",\"@id\":\"https:\\\/\\\/mariajesussarabiagarcia.com\\\/product\\\/fire-and-fly\\\/#primaryimage\",\"url\":\"https:\\\/\\\/mariajesussarabiagarcia.com\\\/wp-content\\\/uploads\\\/2025\\\/12\\\/Earth-and-Air-Acrylic-Canvas-Abstract-Painting-e1765397932727.webp\",\"contentUrl\":\"https:\\\/\\\/mariajesussarabiagarcia.com\\\/wp-content\\\/uploads\\\/2025\\\/12\\\/Earth-and-Air-Acrylic-Canvas-Abstract-Painting-e1765397932727.webp\",\"width\":1400,\"height\":1783},{\"@type\":\"BreadcrumbList\",\"@id\":\"https:\\\/\\\/mariajesussarabiagarcia.com\\\/product\\\/fire-and-fly\\\/#breadcrumb\",\"itemListElement\":[{\"@type\":\"ListItem\",\"position\":1,\"name\":\"Home\",\"item\":\"https:\\\/\\\/mariajesussarabiagarcia.com\\\/\"},{\"@type\":\"ListItem\",\"position\":2,\"name\":\"Gallery\",\"item\":\"https:\\\/\\\/mariajesussarabiagarcia.com\\\/gallery\\\/\"},{\"@type\":\"ListItem\",\"position\":3,\"name\":\"Earth and Air Acrylic Abstract Painting\"}]},{\"@type\":\"WebSite\",\"@id\":\"https:\\\/\\\/mariajesussarabiagarcia.com\\\/#website\",\"url\":\"https:\\\/\\\/mariajesussarabiagarcia.com\\\/\",\"name\":\"Maria Jesus Sarabia Garcia\",\"description\":\"\",\"potentialAction\":[{\"@type\":\"SearchAction\",\"target\":{\"@type\":\"EntryPoint\",\"urlTemplate\":\"https:\\\/\\\/mariajesussarabiagarcia.com\\\/?s={search_term_string}\"},\"query-input\":{\"@type\":\"PropertyValueSpecification\",\"valueRequired\":true,\"valueName\":\"search_term_string\"}}],\"inLanguage\":\"es\"}]}<\/script>\n<!-- \/ Yoast SEO plugin. -->","yoast_head_json":{"title":"Earth and Air Acrylic Abstract Painting - Maria Jesus Sarabia Garcia","description":"This is my work, Earth and Air. In it, I let myself be guided by the feeling of the invisible, that part where we keep our feet firmly planted on what gives us security. This is represented by a horse camouflaged among brushstrokes that disappear and reappear, leaving us with this somewhat unreal image. It is the security of the footstep, the path we see, the direction we see marked on the journey of our lives. Above it, the eagle, with its fixed, long, even cruel gaze, king of the air, misses no detail on the earth. In it, I want to reflect dreams, emotions, illusions, and all that floats above, almost unnoticed, yet always there\u2014that which we only pay attention to if we stop and look. He is there to make us lose that light trot and lift us up, give us wings and make the mistake or the sure daring act of taking flight with a dream, an illusion or a nightmare; his wings melt behind the horse to be just a shadow, smoke that you can use or simply watch as it melts away into the air.","robots":{"index":"index","follow":"follow","max-snippet":"max-snippet:-1","max-image-preview":"max-image-preview:large","max-video-preview":"max-video-preview:-1"},"canonical":"https:\/\/mariajesussarabiagarcia.com\/es\/producto\/fire-and-fly\/","og_locale":"es_ES","og_type":"article","og_title":"Earth and Air Acrylic Abstract Painting - Maria Jesus Sarabia Garcia","og_description":"This is my work, Earth and Air. In it, I let myself be guided by the feeling of the invisible, that part where we keep our feet firmly planted on what gives us security. This is represented by a horse camouflaged among brushstrokes that disappear and reappear, leaving us with this somewhat unreal image. It is the security of the footstep, the path we see, the direction we see marked on the journey of our lives. Above it, the eagle, with its fixed, long, even cruel gaze, king of the air, misses no detail on the earth. In it, I want to reflect dreams, emotions, illusions, and all that floats above, almost unnoticed, yet always there\u2014that which we only pay attention to if we stop and look. He is there to make us lose that light trot and lift us up, give us wings and make the mistake or the sure daring act of taking flight with a dream, an illusion or a nightmare; his wings melt behind the horse to be just a shadow, smoke that you can use or simply watch as it melts away into the air.","og_url":"https:\/\/mariajesussarabiagarcia.com\/es\/producto\/fire-and-fly\/","og_site_name":"Maria Jesus Sarabia Garcia","article_modified_time":"2026-01-27T09:45:18+00:00","og_image":[{"width":1400,"height":1783,"url":"https:\/\/mariajesussarabiagarcia.com\/wp-content\/uploads\/2025\/12\/Earth-and-Air-Acrylic-Canvas-Abstract-Painting-e1765397932727.webp","type":"image\/webp"}],"twitter_card":"summary_large_image","twitter_misc":{"Tiempo de lectura":"1 minuto"},"schema":{"@context":"https:\/\/schema.org","@graph":[{"@type":"WebPage","@id":"https:\/\/mariajesussarabiagarcia.com\/product\/fire-and-fly\/","url":"https:\/\/mariajesussarabiagarcia.com\/product\/fire-and-fly\/","name":"Earth and Air Acrylic Abstract Painting - Maria Jesus Sarabia Garcia","isPartOf":{"@id":"https:\/\/mariajesussarabiagarcia.com\/#website"},"primaryImageOfPage":{"@id":"https:\/\/mariajesussarabiagarcia.com\/product\/fire-and-fly\/#primaryimage"},"image":{"@id":"https:\/\/mariajesussarabiagarcia.com\/product\/fire-and-fly\/#primaryimage"},"thumbnailUrl":"https:\/\/mariajesussarabiagarcia.com\/wp-content\/uploads\/2025\/12\/Earth-and-Air-Acrylic-Canvas-Abstract-Painting-e1765397932727.webp","datePublished":"2025-12-01T20:00:09+00:00","dateModified":"2026-01-27T09:45:18+00:00","description":"This is my work, Earth and Air. In it, I let myself be guided by the feeling of the invisible, that part where we keep our feet firmly planted on what gives us security. This is represented by a horse camouflaged among brushstrokes that disappear and reappear, leaving us with this somewhat unreal image. It is the security of the footstep, the path we see, the direction we see marked on the journey of our lives. Above it, the eagle, with its fixed, long, even cruel gaze, king of the air, misses no detail on the earth. In it, I want to reflect dreams, emotions, illusions, and all that floats above, almost unnoticed, yet always there\u2014that which we only pay attention to if we stop and look. He is there to make us lose that light trot and lift us up, give us wings and make the mistake or the sure daring act of taking flight with a dream, an illusion or a nightmare; his wings melt behind the horse to be just a shadow, smoke that you can use or simply watch as it melts away into the air.","breadcrumb":{"@id":"https:\/\/mariajesussarabiagarcia.com\/product\/fire-and-fly\/#breadcrumb"},"inLanguage":"es","potentialAction":[{"@type":"ReadAction","target":["https:\/\/mariajesussarabiagarcia.com\/product\/fire-and-fly\/"]}]},{"@type":"ImageObject","inLanguage":"es","@id":"https:\/\/mariajesussarabiagarcia.com\/product\/fire-and-fly\/#primaryimage","url":"https:\/\/mariajesussarabiagarcia.com\/wp-content\/uploads\/2025\/12\/Earth-and-Air-Acrylic-Canvas-Abstract-Painting-e1765397932727.webp","contentUrl":"https:\/\/mariajesussarabiagarcia.com\/wp-content\/uploads\/2025\/12\/Earth-and-Air-Acrylic-Canvas-Abstract-Painting-e1765397932727.webp","width":1400,"height":1783},{"@type":"BreadcrumbList","@id":"https:\/\/mariajesussarabiagarcia.com\/product\/fire-and-fly\/#breadcrumb","itemListElement":[{"@type":"ListItem","position":1,"name":"Home","item":"https:\/\/mariajesussarabiagarcia.com\/"},{"@type":"ListItem","position":2,"name":"Gallery","item":"https:\/\/mariajesussarabiagarcia.com\/gallery\/"},{"@type":"ListItem","position":3,"name":"Earth and Air Acrylic Abstract Painting"}]},{"@type":"WebSite","@id":"https:\/\/mariajesussarabiagarcia.com\/#website","url":"https:\/\/mariajesussarabiagarcia.com\/","name":"Maria Jesus Sarabia Garcia","description":"","potentialAction":[{"@type":"SearchAction","target":{"@type":"EntryPoint","urlTemplate":"https:\/\/mariajesussarabiagarcia.com\/?s={search_term_string}"},"query-input":{"@type":"PropertyValueSpecification","valueRequired":true,"valueName":"search_term_string"}}],"inLanguage":"es"}]}},"jetpack_sharing_enabled":true,"_links":{"self":[{"href":"https:\/\/mariajesussarabiagarcia.com\/es\/wp-json\/wp\/v2\/product\/305","targetHints":{"allow":["GET"]}}],"collection":[{"href":"https:\/\/mariajesussarabiagarcia.com\/es\/wp-json\/wp\/v2\/product"}],"about":[{"href":"https:\/\/mariajesussarabiagarcia.com\/es\/wp-json\/wp\/v2\/types\/product"}],"replies":[{"embeddable":true,"href":"https:\/\/mariajesussarabiagarcia.com\/es\/wp-json\/wp\/v2\/comments?post=305"}],"wp:featuredmedia":[{"embeddable":true,"href":"https:\/\/mariajesussarabiagarcia.com\/es\/wp-json\/wp\/v2\/media\/409"}],"wp:attachment":[{"href":"https:\/\/mariajesussarabiagarcia.com\/es\/wp-json\/wp\/v2\/media?parent=305"}],"wp:term":[{"taxonomy":"product_brand","embeddable":true,"href":"https:\/\/mariajesussarabiagarcia.com\/es\/wp-json\/wp\/v2\/product_brand?post=305"},{"taxonomy":"product_cat","embeddable":true,"href":"https:\/\/mariajesussarabiagarcia.com\/es\/wp-json\/wp\/v2\/product_cat?post=305"},{"taxonomy":"product_tag","embeddable":true,"href":"https:\/\/mariajesussarabiagarcia.com\/es\/wp-json\/wp\/v2\/product_tag?post=305"}],"curies":[{"name":"wp","href":"https:\/\/api.w.org\/{rel}","templated":true}]}}