{"id":301,"date":"2025-12-01T19:57:20","date_gmt":"2025-12-01T19:57:20","guid":{"rendered":"https:\/\/mariajesussarabiagarcia.com\/?post_type=product&#038;p=301"},"modified":"2026-01-28T12:18:32","modified_gmt":"2026-01-28T12:18:32","slug":"spriing-classic-3","status":"publish","type":"product","link":"https:\/\/mariajesussarabiagarcia.com\/es\/producto\/spriing-classic-3\/","title":{"rendered":"Sakura, pintura t\u00e9cnica mixta, pasta de madera y acr\u00edlicos."},"content":{"rendered":"<p>Esta preciosa pintura mixta totalmente irregular suaves colores y flores en tonos azulados relajantes y tranquilizantes,curar\u00e1 nuestros sentidos en cuanto posemos la vista en ella y transformar\u00e1 el rinc\u00f3n donde la coloquemos<\/p>\n<p>Est\u00e1 obra es hermana de sakura, aunque no s\u00e9 parecen fueron creadas de la misma idea, la suavidad la relajaci\u00f3n y la calma, los suaves colores en ellas<br \/>\nIdeal para una salita de estar, nuestra en casa o el rinc\u00f3n favorito donde queremos sacar de nosotros el estr\u00e9s diario<\/p>","protected":false},"excerpt":{"rendered":"<p>Sakura, t\u00e9cnica mixta, pasta de madera y acr\u00edlicos. Relieves irregulares.<\/p>","protected":false},"featured_media":407,"comment_status":"open","ping_status":"closed","template":"","meta":[],"product_brand":[],"product_cat":[23],"product_tag":[27,31,29],"class_list":{"0":"post-301","1":"product","2":"type-product","3":"status-publish","4":"has-post-thumbnail","6":"product_cat-acrylic-paintings","7":"product_tag-acrylic","8":"product_tag-linen-covered-cardboard","9":"product_tag-wood-paste","11":"first","12":"instock","13":"sold-individually","14":"shipping-taxable","15":"purchasable","16":"product-type-simple"},"yoast_head":"<!-- This site is optimized with the Yoast SEO plugin v27.5 - https:\/\/yoast.com\/product\/yoast-seo-wordpress\/ -->\n<title>Sakura, mixed media painting, wood paste and acrylics - Maria Jesus Sarabia Garcia<\/title>\n<meta name=\"description\" content=\"This beautiful mixed-media painting, with its completely irregular, soft colors and relaxing, calming blue flowers, will soothe our senses the moment we lay eyes on it and transform any corner where we place it.This piece is a sister to &quot;Sakura,&quot; although they don&#039;t look alike, they were created from the same idea: softness, relaxation, and calm. The gentle colors\u2014blues, beiges, earth tones, and whites\u2014only bring us peace and tranquility. It was one of my first creations with flowers; life flows through them calmly and serenely, inducing meditation, inviting us to sit, pause, and relax our senses.Ideal for a living room, our favorite corner at home, or any space where we want to escape the stress of daily life.\" \/>\n<meta name=\"robots\" content=\"index, follow, max-snippet:-1, max-image-preview:large, max-video-preview:-1\" \/>\n<link rel=\"canonical\" href=\"https:\/\/mariajesussarabiagarcia.com\/es\/producto\/spriing-classic-3\/\" \/>\n<meta property=\"og:locale\" content=\"es_ES\" \/>\n<meta property=\"og:type\" content=\"article\" \/>\n<meta property=\"og:title\" content=\"Sakura, mixed media painting, wood paste and acrylics - Maria Jesus Sarabia Garcia\" \/>\n<meta property=\"og:description\" content=\"This beautiful mixed-media painting, with its completely irregular, soft colors and relaxing, calming blue flowers, will soothe our senses the moment we lay eyes on it and transform any corner where we place it.This piece is a sister to &quot;Sakura,&quot; although they don&#039;t look alike, they were created from the same idea: softness, relaxation, and calm. The gentle colors\u2014blues, beiges, earth tones, and whites\u2014only bring us peace and tranquility. It was one of my first creations with flowers; life flows through them calmly and serenely, inducing meditation, inviting us to sit, pause, and relax our senses.Ideal for a living room, our favorite corner at home, or any space where we want to escape the stress of daily life.\" \/>\n<meta property=\"og:url\" content=\"https:\/\/mariajesussarabiagarcia.com\/es\/producto\/spriing-classic-3\/\" \/>\n<meta property=\"og:site_name\" content=\"Maria Jesus Sarabia Garcia\" \/>\n<meta property=\"article:modified_time\" content=\"2026-01-28T12:18:32+00:00\" \/>\n<meta property=\"og:image\" content=\"https:\/\/mariajesussarabiagarcia.com\/wp-content\/uploads\/2025\/12\/Blue-Acrylic-Wood-paste-On-linen-covered-cardboard-Flower-Painting-e1765397238852.webp\" \/>\n\t<meta property=\"og:image:width\" content=\"1400\" \/>\n\t<meta property=\"og:image:height\" content=\"1894\" \/>\n\t<meta property=\"og:image:type\" content=\"image\/webp\" \/>\n<meta name=\"twitter:card\" content=\"summary_large_image\" \/>\n<meta name=\"twitter:label1\" content=\"Tiempo de lectura\" \/>\n\t<meta name=\"twitter:data1\" content=\"1 minuto\" \/>\n<script type=\"application\/ld+json\" class=\"yoast-schema-graph\">{\"@context\":\"https:\\\/\\\/schema.org\",\"@graph\":[{\"@type\":\"WebPage\",\"@id\":\"https:\\\/\\\/mariajesussarabiagarcia.com\\\/product\\\/spriing-classic-3\\\/\",\"url\":\"https:\\\/\\\/mariajesussarabiagarcia.com\\\/product\\\/spriing-classic-3\\\/\",\"name\":\"Sakura, mixed media painting, wood paste and acrylics - Maria Jesus Sarabia Garcia\",\"isPartOf\":{\"@id\":\"https:\\\/\\\/mariajesussarabiagarcia.com\\\/#website\"},\"primaryImageOfPage\":{\"@id\":\"https:\\\/\\\/mariajesussarabiagarcia.com\\\/product\\\/spriing-classic-3\\\/#primaryimage\"},\"image\":{\"@id\":\"https:\\\/\\\/mariajesussarabiagarcia.com\\\/product\\\/spriing-classic-3\\\/#primaryimage\"},\"thumbnailUrl\":\"https:\\\/\\\/mariajesussarabiagarcia.com\\\/wp-content\\\/uploads\\\/2025\\\/12\\\/Blue-Acrylic-Wood-paste-On-linen-covered-cardboard-Flower-Painting-e1765397238852.webp\",\"datePublished\":\"2025-12-01T19:57:20+00:00\",\"dateModified\":\"2026-01-28T12:18:32+00:00\",\"description\":\"This beautiful mixed-media painting, with its completely irregular, soft colors and relaxing, calming blue flowers, will soothe our senses the moment we lay eyes on it and transform any corner where we place it.This piece is a sister to \\\"Sakura,\\\" although they don't look alike, they were created from the same idea: softness, relaxation, and calm. The gentle colors\u2014blues, beiges, earth tones, and whites\u2014only bring us peace and tranquility. It was one of my first creations with flowers; life flows through them calmly and serenely, inducing meditation, inviting us to sit, pause, and relax our senses.Ideal for a living room, our favorite corner at home, or any space where we want to escape the stress of daily life.\",\"breadcrumb\":{\"@id\":\"https:\\\/\\\/mariajesussarabiagarcia.com\\\/product\\\/spriing-classic-3\\\/#breadcrumb\"},\"inLanguage\":\"es\",\"potentialAction\":[{\"@type\":\"ReadAction\",\"target\":[\"https:\\\/\\\/mariajesussarabiagarcia.com\\\/product\\\/spriing-classic-3\\\/\"]}]},{\"@type\":\"ImageObject\",\"inLanguage\":\"es\",\"@id\":\"https:\\\/\\\/mariajesussarabiagarcia.com\\\/product\\\/spriing-classic-3\\\/#primaryimage\",\"url\":\"https:\\\/\\\/mariajesussarabiagarcia.com\\\/wp-content\\\/uploads\\\/2025\\\/12\\\/Blue-Acrylic-Wood-paste-On-linen-covered-cardboard-Flower-Painting-e1765397238852.webp\",\"contentUrl\":\"https:\\\/\\\/mariajesussarabiagarcia.com\\\/wp-content\\\/uploads\\\/2025\\\/12\\\/Blue-Acrylic-Wood-paste-On-linen-covered-cardboard-Flower-Painting-e1765397238852.webp\",\"width\":1400,\"height\":1894},{\"@type\":\"BreadcrumbList\",\"@id\":\"https:\\\/\\\/mariajesussarabiagarcia.com\\\/product\\\/spriing-classic-3\\\/#breadcrumb\",\"itemListElement\":[{\"@type\":\"ListItem\",\"position\":1,\"name\":\"Home\",\"item\":\"https:\\\/\\\/mariajesussarabiagarcia.com\\\/\"},{\"@type\":\"ListItem\",\"position\":2,\"name\":\"Gallery\",\"item\":\"https:\\\/\\\/mariajesussarabiagarcia.com\\\/gallery\\\/\"},{\"@type\":\"ListItem\",\"position\":3,\"name\":\"Sakura, mixed media painting, wood paste and acrylics\"}]},{\"@type\":\"WebSite\",\"@id\":\"https:\\\/\\\/mariajesussarabiagarcia.com\\\/#website\",\"url\":\"https:\\\/\\\/mariajesussarabiagarcia.com\\\/\",\"name\":\"Maria Jesus Sarabia Garcia\",\"description\":\"\",\"potentialAction\":[{\"@type\":\"SearchAction\",\"target\":{\"@type\":\"EntryPoint\",\"urlTemplate\":\"https:\\\/\\\/mariajesussarabiagarcia.com\\\/?s={search_term_string}\"},\"query-input\":{\"@type\":\"PropertyValueSpecification\",\"valueRequired\":true,\"valueName\":\"search_term_string\"}}],\"inLanguage\":\"es\"}]}<\/script>\n<!-- \/ Yoast SEO plugin. -->","yoast_head_json":{"title":"Sakura, mixed media painting, wood paste and acrylics - Maria Jesus Sarabia Garcia","description":"This beautiful mixed-media painting, with its completely irregular, soft colors and relaxing, calming blue flowers, will soothe our senses the moment we lay eyes on it and transform any corner where we place it.This piece is a sister to \"Sakura,\" although they don't look alike, they were created from the same idea: softness, relaxation, and calm. The gentle colors\u2014blues, beiges, earth tones, and whites\u2014only bring us peace and tranquility. It was one of my first creations with flowers; life flows through them calmly and serenely, inducing meditation, inviting us to sit, pause, and relax our senses.Ideal for a living room, our favorite corner at home, or any space where we want to escape the stress of daily life.","robots":{"index":"index","follow":"follow","max-snippet":"max-snippet:-1","max-image-preview":"max-image-preview:large","max-video-preview":"max-video-preview:-1"},"canonical":"https:\/\/mariajesussarabiagarcia.com\/es\/producto\/spriing-classic-3\/","og_locale":"es_ES","og_type":"article","og_title":"Sakura, mixed media painting, wood paste and acrylics - Maria Jesus Sarabia Garcia","og_description":"This beautiful mixed-media painting, with its completely irregular, soft colors and relaxing, calming blue flowers, will soothe our senses the moment we lay eyes on it and transform any corner where we place it.This piece is a sister to \"Sakura,\" although they don't look alike, they were created from the same idea: softness, relaxation, and calm. The gentle colors\u2014blues, beiges, earth tones, and whites\u2014only bring us peace and tranquility. It was one of my first creations with flowers; life flows through them calmly and serenely, inducing meditation, inviting us to sit, pause, and relax our senses.Ideal for a living room, our favorite corner at home, or any space where we want to escape the stress of daily life.","og_url":"https:\/\/mariajesussarabiagarcia.com\/es\/producto\/spriing-classic-3\/","og_site_name":"Maria Jesus Sarabia Garcia","article_modified_time":"2026-01-28T12:18:32+00:00","og_image":[{"width":1400,"height":1894,"url":"https:\/\/mariajesussarabiagarcia.com\/wp-content\/uploads\/2025\/12\/Blue-Acrylic-Wood-paste-On-linen-covered-cardboard-Flower-Painting-e1765397238852.webp","type":"image\/webp"}],"twitter_card":"summary_large_image","twitter_misc":{"Tiempo de lectura":"1 minuto"},"schema":{"@context":"https:\/\/schema.org","@graph":[{"@type":"WebPage","@id":"https:\/\/mariajesussarabiagarcia.com\/product\/spriing-classic-3\/","url":"https:\/\/mariajesussarabiagarcia.com\/product\/spriing-classic-3\/","name":"Sakura, mixed media painting, wood paste and acrylics - Maria Jesus Sarabia Garcia","isPartOf":{"@id":"https:\/\/mariajesussarabiagarcia.com\/#website"},"primaryImageOfPage":{"@id":"https:\/\/mariajesussarabiagarcia.com\/product\/spriing-classic-3\/#primaryimage"},"image":{"@id":"https:\/\/mariajesussarabiagarcia.com\/product\/spriing-classic-3\/#primaryimage"},"thumbnailUrl":"https:\/\/mariajesussarabiagarcia.com\/wp-content\/uploads\/2025\/12\/Blue-Acrylic-Wood-paste-On-linen-covered-cardboard-Flower-Painting-e1765397238852.webp","datePublished":"2025-12-01T19:57:20+00:00","dateModified":"2026-01-28T12:18:32+00:00","description":"This beautiful mixed-media painting, with its completely irregular, soft colors and relaxing, calming blue flowers, will soothe our senses the moment we lay eyes on it and transform any corner where we place it.This piece is a sister to \"Sakura,\" although they don't look alike, they were created from the same idea: softness, relaxation, and calm. The gentle colors\u2014blues, beiges, earth tones, and whites\u2014only bring us peace and tranquility. It was one of my first creations with flowers; life flows through them calmly and serenely, inducing meditation, inviting us to sit, pause, and relax our senses.Ideal for a living room, our favorite corner at home, or any space where we want to escape the stress of daily life.","breadcrumb":{"@id":"https:\/\/mariajesussarabiagarcia.com\/product\/spriing-classic-3\/#breadcrumb"},"inLanguage":"es","potentialAction":[{"@type":"ReadAction","target":["https:\/\/mariajesussarabiagarcia.com\/product\/spriing-classic-3\/"]}]},{"@type":"ImageObject","inLanguage":"es","@id":"https:\/\/mariajesussarabiagarcia.com\/product\/spriing-classic-3\/#primaryimage","url":"https:\/\/mariajesussarabiagarcia.com\/wp-content\/uploads\/2025\/12\/Blue-Acrylic-Wood-paste-On-linen-covered-cardboard-Flower-Painting-e1765397238852.webp","contentUrl":"https:\/\/mariajesussarabiagarcia.com\/wp-content\/uploads\/2025\/12\/Blue-Acrylic-Wood-paste-On-linen-covered-cardboard-Flower-Painting-e1765397238852.webp","width":1400,"height":1894},{"@type":"BreadcrumbList","@id":"https:\/\/mariajesussarabiagarcia.com\/product\/spriing-classic-3\/#breadcrumb","itemListElement":[{"@type":"ListItem","position":1,"name":"Home","item":"https:\/\/mariajesussarabiagarcia.com\/"},{"@type":"ListItem","position":2,"name":"Gallery","item":"https:\/\/mariajesussarabiagarcia.com\/gallery\/"},{"@type":"ListItem","position":3,"name":"Sakura, mixed media painting, wood paste and acrylics"}]},{"@type":"WebSite","@id":"https:\/\/mariajesussarabiagarcia.com\/#website","url":"https:\/\/mariajesussarabiagarcia.com\/","name":"Maria Jesus Sarabia Garcia","description":"","potentialAction":[{"@type":"SearchAction","target":{"@type":"EntryPoint","urlTemplate":"https:\/\/mariajesussarabiagarcia.com\/?s={search_term_string}"},"query-input":{"@type":"PropertyValueSpecification","valueRequired":true,"valueName":"search_term_string"}}],"inLanguage":"es"}]}},"jetpack_sharing_enabled":true,"_links":{"self":[{"href":"https:\/\/mariajesussarabiagarcia.com\/es\/wp-json\/wp\/v2\/product\/301","targetHints":{"allow":["GET"]}}],"collection":[{"href":"https:\/\/mariajesussarabiagarcia.com\/es\/wp-json\/wp\/v2\/product"}],"about":[{"href":"https:\/\/mariajesussarabiagarcia.com\/es\/wp-json\/wp\/v2\/types\/product"}],"replies":[{"embeddable":true,"href":"https:\/\/mariajesussarabiagarcia.com\/es\/wp-json\/wp\/v2\/comments?post=301"}],"wp:featuredmedia":[{"embeddable":true,"href":"https:\/\/mariajesussarabiagarcia.com\/es\/wp-json\/wp\/v2\/media\/407"}],"wp:attachment":[{"href":"https:\/\/mariajesussarabiagarcia.com\/es\/wp-json\/wp\/v2\/media?parent=301"}],"wp:term":[{"taxonomy":"product_brand","embeddable":true,"href":"https:\/\/mariajesussarabiagarcia.com\/es\/wp-json\/wp\/v2\/product_brand?post=301"},{"taxonomy":"product_cat","embeddable":true,"href":"https:\/\/mariajesussarabiagarcia.com\/es\/wp-json\/wp\/v2\/product_cat?post=301"},{"taxonomy":"product_tag","embeddable":true,"href":"https:\/\/mariajesussarabiagarcia.com\/es\/wp-json\/wp\/v2\/product_tag?post=301"}],"curies":[{"name":"wp","href":"https:\/\/api.w.org\/{rel}","templated":true}]}}