{"id":299,"date":"2025-12-01T19:56:12","date_gmt":"2025-12-01T19:56:12","guid":{"rendered":"https:\/\/mariajesussarabiagarcia.com\/?post_type=product&#038;p=299"},"modified":"2026-01-28T12:11:55","modified_gmt":"2026-01-28T12:11:55","slug":"spring-classic-3","status":"publish","type":"product","link":"https:\/\/mariajesussarabiagarcia.com\/es\/producto\/spring-classic-3\/","title":{"rendered":"Pintura de flores acr\u00edlicas de Sakura"},"content":{"rendered":"<p>Mi  obra Sakura.   He querido poner algo  relieve contradiciendo la suavidad de esas flores y esa visi\u00f3n  ,normalmente la imagen que asociamos a las flores de sakura es esa.... Yo que salido de esa zona de confort poniendo relieves en casi la totalidad de  la obra he querido salir de esa forma lisa y cambiarla totalmente por algo un poco m\u00e1s exc\u00e9ntrico . Como comprobar\u00e9is la mayoria de mis obras  salen del realismo para entrar en algo m\u00e1s de fantas\u00eda , eso se debe que dibujo con el coraz\u00f3n y la vista solo est\u00e1 ahy para corregir, \nOs ofrezco un trocito de mi visi\u00f3n de flores ,ramas en un jarr\u00f3n ,Sakurad relajantes dejando de ser perfectas pero transmitiendo lo mismo en nuestro rinc\u00f3n zen.<br \/>\nEs una de las obras que m\u00e1s favoritismo tiene, lo que transmite y siendo algo que sale de lo cl\u00e1sico la convierte en una opci\u00f3n para dar vida. a un trocito de pared sin entrar en lo cl\u00e1sico de las flores<\/p>","protected":false},"excerpt":{"rendered":"<p>Sakura relieves de pasta madera y acr\u00edlicos sobre bastidor de cart\u00f3n y lino<\/p>","protected":false},"featured_media":406,"comment_status":"open","ping_status":"closed","template":"","meta":[],"product_brand":[],"product_cat":[23],"product_tag":[27,31,30],"class_list":{"0":"post-299","1":"product","2":"type-product","3":"status-publish","4":"has-post-thumbnail","6":"product_cat-acrylic-paintings","7":"product_tag-acrylic","8":"product_tag-linen-covered-cardboard","9":"product_tag-wood-pulp","11":"first","12":"instock","13":"sold-individually","14":"shipping-taxable","15":"purchasable","16":"product-type-simple"},"yoast_head":"<!-- This site is optimized with the Yoast SEO plugin v27.5 - https:\/\/yoast.com\/product\/yoast-seo-wordpress\/ -->\n<title>Sakura Acrylic Flower Painting - Maria Jesus Sarabia Garcia<\/title>\n<meta name=\"description\" content=\"My artwork, Sakura. I wanted to add some relief, contradicting the softness of those flowers and that vision\u2014normally, the image we associate with sakura blossoms is that... Having stepped out of my comfort zone of adding relief to almost the entire piece, I wanted to move away from that smooth style and completely change it for something a bit more eccentric. As you&#039;ll see, most of my works move away from realism and into something more fantastical. This is because I draw with my heart, and my eyes are only there to correct. I offer you a glimpse of my vision of flowers, branches in a vase, relaxing sakura blossoms, no longer perfect but conveying the same feeling in our zen corner.It&#039;s one of my most popular pieces; what it conveys and its departure from the classic style makes it a great option for bringing life to a small wall without resorting to traditional flower arrangements.\" \/>\n<meta name=\"robots\" content=\"index, follow, max-snippet:-1, max-image-preview:large, max-video-preview:-1\" \/>\n<link rel=\"canonical\" href=\"https:\/\/mariajesussarabiagarcia.com\/es\/producto\/spring-classic-3\/\" \/>\n<meta property=\"og:locale\" content=\"es_ES\" \/>\n<meta property=\"og:type\" content=\"article\" \/>\n<meta property=\"og:title\" content=\"Sakura Acrylic Flower Painting - Maria Jesus Sarabia Garcia\" \/>\n<meta property=\"og:description\" content=\"My artwork, Sakura. I wanted to add some relief, contradicting the softness of those flowers and that vision\u2014normally, the image we associate with sakura blossoms is that... Having stepped out of my comfort zone of adding relief to almost the entire piece, I wanted to move away from that smooth style and completely change it for something a bit more eccentric. As you&#039;ll see, most of my works move away from realism and into something more fantastical. This is because I draw with my heart, and my eyes are only there to correct. I offer you a glimpse of my vision of flowers, branches in a vase, relaxing sakura blossoms, no longer perfect but conveying the same feeling in our zen corner.It&#039;s one of my most popular pieces; what it conveys and its departure from the classic style makes it a great option for bringing life to a small wall without resorting to traditional flower arrangements.\" \/>\n<meta property=\"og:url\" content=\"https:\/\/mariajesussarabiagarcia.com\/es\/producto\/spring-classic-3\/\" \/>\n<meta property=\"og:site_name\" content=\"Maria Jesus Sarabia Garcia\" \/>\n<meta property=\"article:modified_time\" content=\"2026-01-28T12:11:55+00:00\" \/>\n<meta property=\"og:image\" content=\"https:\/\/mariajesussarabiagarcia.com\/wp-content\/uploads\/2025\/12\/Sakura-Acrylic-On-linen-covered-cardboard-Flower-Painting-e1765396842267.webp\" \/>\n\t<meta property=\"og:image:width\" content=\"1400\" \/>\n\t<meta property=\"og:image:height\" content=\"1930\" \/>\n\t<meta property=\"og:image:type\" content=\"image\/webp\" \/>\n<meta name=\"twitter:card\" content=\"summary_large_image\" \/>\n<meta name=\"twitter:label1\" content=\"Tiempo de lectura\" \/>\n\t<meta name=\"twitter:data1\" content=\"1 minuto\" \/>\n<script type=\"application\/ld+json\" class=\"yoast-schema-graph\">{\"@context\":\"https:\\\/\\\/schema.org\",\"@graph\":[{\"@type\":\"WebPage\",\"@id\":\"https:\\\/\\\/mariajesussarabiagarcia.com\\\/product\\\/spring-classic-3\\\/\",\"url\":\"https:\\\/\\\/mariajesussarabiagarcia.com\\\/product\\\/spring-classic-3\\\/\",\"name\":\"Sakura Acrylic Flower Painting - Maria Jesus Sarabia Garcia\",\"isPartOf\":{\"@id\":\"https:\\\/\\\/mariajesussarabiagarcia.com\\\/#website\"},\"primaryImageOfPage\":{\"@id\":\"https:\\\/\\\/mariajesussarabiagarcia.com\\\/product\\\/spring-classic-3\\\/#primaryimage\"},\"image\":{\"@id\":\"https:\\\/\\\/mariajesussarabiagarcia.com\\\/product\\\/spring-classic-3\\\/#primaryimage\"},\"thumbnailUrl\":\"https:\\\/\\\/mariajesussarabiagarcia.com\\\/wp-content\\\/uploads\\\/2025\\\/12\\\/Sakura-Acrylic-On-linen-covered-cardboard-Flower-Painting-e1765396842267.webp\",\"datePublished\":\"2025-12-01T19:56:12+00:00\",\"dateModified\":\"2026-01-28T12:11:55+00:00\",\"description\":\"My artwork, Sakura. I wanted to add some relief, contradicting the softness of those flowers and that vision\u2014normally, the image we associate with sakura blossoms is that... Having stepped out of my comfort zone of adding relief to almost the entire piece, I wanted to move away from that smooth style and completely change it for something a bit more eccentric. As you'll see, most of my works move away from realism and into something more fantastical. This is because I draw with my heart, and my eyes are only there to correct. I offer you a glimpse of my vision of flowers, branches in a vase, relaxing sakura blossoms, no longer perfect but conveying the same feeling in our zen corner.It's one of my most popular pieces; what it conveys and its departure from the classic style makes it a great option for bringing life to a small wall without resorting to traditional flower arrangements.\",\"breadcrumb\":{\"@id\":\"https:\\\/\\\/mariajesussarabiagarcia.com\\\/product\\\/spring-classic-3\\\/#breadcrumb\"},\"inLanguage\":\"es\",\"potentialAction\":[{\"@type\":\"ReadAction\",\"target\":[\"https:\\\/\\\/mariajesussarabiagarcia.com\\\/product\\\/spring-classic-3\\\/\"]}]},{\"@type\":\"ImageObject\",\"inLanguage\":\"es\",\"@id\":\"https:\\\/\\\/mariajesussarabiagarcia.com\\\/product\\\/spring-classic-3\\\/#primaryimage\",\"url\":\"https:\\\/\\\/mariajesussarabiagarcia.com\\\/wp-content\\\/uploads\\\/2025\\\/12\\\/Sakura-Acrylic-On-linen-covered-cardboard-Flower-Painting-e1765396842267.webp\",\"contentUrl\":\"https:\\\/\\\/mariajesussarabiagarcia.com\\\/wp-content\\\/uploads\\\/2025\\\/12\\\/Sakura-Acrylic-On-linen-covered-cardboard-Flower-Painting-e1765396842267.webp\",\"width\":1400,\"height\":1930,\"caption\":\"Acrylic relief on wood pulp on linen-covered cardboard\"},{\"@type\":\"BreadcrumbList\",\"@id\":\"https:\\\/\\\/mariajesussarabiagarcia.com\\\/product\\\/spring-classic-3\\\/#breadcrumb\",\"itemListElement\":[{\"@type\":\"ListItem\",\"position\":1,\"name\":\"Home\",\"item\":\"https:\\\/\\\/mariajesussarabiagarcia.com\\\/\"},{\"@type\":\"ListItem\",\"position\":2,\"name\":\"Gallery\",\"item\":\"https:\\\/\\\/mariajesussarabiagarcia.com\\\/gallery\\\/\"},{\"@type\":\"ListItem\",\"position\":3,\"name\":\"Sakura Acrylic Flower Painting\"}]},{\"@type\":\"WebSite\",\"@id\":\"https:\\\/\\\/mariajesussarabiagarcia.com\\\/#website\",\"url\":\"https:\\\/\\\/mariajesussarabiagarcia.com\\\/\",\"name\":\"Maria Jesus Sarabia Garcia\",\"description\":\"\",\"potentialAction\":[{\"@type\":\"SearchAction\",\"target\":{\"@type\":\"EntryPoint\",\"urlTemplate\":\"https:\\\/\\\/mariajesussarabiagarcia.com\\\/?s={search_term_string}\"},\"query-input\":{\"@type\":\"PropertyValueSpecification\",\"valueRequired\":true,\"valueName\":\"search_term_string\"}}],\"inLanguage\":\"es\"}]}<\/script>\n<!-- \/ Yoast SEO plugin. -->","yoast_head_json":{"title":"Sakura Acrylic Flower Painting - Maria Jesus Sarabia Garcia","description":"My artwork, Sakura. I wanted to add some relief, contradicting the softness of those flowers and that vision\u2014normally, the image we associate with sakura blossoms is that... Having stepped out of my comfort zone of adding relief to almost the entire piece, I wanted to move away from that smooth style and completely change it for something a bit more eccentric. As you'll see, most of my works move away from realism and into something more fantastical. This is because I draw with my heart, and my eyes are only there to correct. I offer you a glimpse of my vision of flowers, branches in a vase, relaxing sakura blossoms, no longer perfect but conveying the same feeling in our zen corner.It's one of my most popular pieces; what it conveys and its departure from the classic style makes it a great option for bringing life to a small wall without resorting to traditional flower arrangements.","robots":{"index":"index","follow":"follow","max-snippet":"max-snippet:-1","max-image-preview":"max-image-preview:large","max-video-preview":"max-video-preview:-1"},"canonical":"https:\/\/mariajesussarabiagarcia.com\/es\/producto\/spring-classic-3\/","og_locale":"es_ES","og_type":"article","og_title":"Sakura Acrylic Flower Painting - Maria Jesus Sarabia Garcia","og_description":"My artwork, Sakura. I wanted to add some relief, contradicting the softness of those flowers and that vision\u2014normally, the image we associate with sakura blossoms is that... Having stepped out of my comfort zone of adding relief to almost the entire piece, I wanted to move away from that smooth style and completely change it for something a bit more eccentric. As you'll see, most of my works move away from realism and into something more fantastical. This is because I draw with my heart, and my eyes are only there to correct. I offer you a glimpse of my vision of flowers, branches in a vase, relaxing sakura blossoms, no longer perfect but conveying the same feeling in our zen corner.It's one of my most popular pieces; what it conveys and its departure from the classic style makes it a great option for bringing life to a small wall without resorting to traditional flower arrangements.","og_url":"https:\/\/mariajesussarabiagarcia.com\/es\/producto\/spring-classic-3\/","og_site_name":"Maria Jesus Sarabia Garcia","article_modified_time":"2026-01-28T12:11:55+00:00","og_image":[{"width":1400,"height":1930,"url":"https:\/\/mariajesussarabiagarcia.com\/wp-content\/uploads\/2025\/12\/Sakura-Acrylic-On-linen-covered-cardboard-Flower-Painting-e1765396842267.webp","type":"image\/webp"}],"twitter_card":"summary_large_image","twitter_misc":{"Tiempo de lectura":"1 minuto"},"schema":{"@context":"https:\/\/schema.org","@graph":[{"@type":"WebPage","@id":"https:\/\/mariajesussarabiagarcia.com\/product\/spring-classic-3\/","url":"https:\/\/mariajesussarabiagarcia.com\/product\/spring-classic-3\/","name":"Sakura Acrylic Flower Painting - Maria Jesus Sarabia Garcia","isPartOf":{"@id":"https:\/\/mariajesussarabiagarcia.com\/#website"},"primaryImageOfPage":{"@id":"https:\/\/mariajesussarabiagarcia.com\/product\/spring-classic-3\/#primaryimage"},"image":{"@id":"https:\/\/mariajesussarabiagarcia.com\/product\/spring-classic-3\/#primaryimage"},"thumbnailUrl":"https:\/\/mariajesussarabiagarcia.com\/wp-content\/uploads\/2025\/12\/Sakura-Acrylic-On-linen-covered-cardboard-Flower-Painting-e1765396842267.webp","datePublished":"2025-12-01T19:56:12+00:00","dateModified":"2026-01-28T12:11:55+00:00","description":"My artwork, Sakura. I wanted to add some relief, contradicting the softness of those flowers and that vision\u2014normally, the image we associate with sakura blossoms is that... Having stepped out of my comfort zone of adding relief to almost the entire piece, I wanted to move away from that smooth style and completely change it for something a bit more eccentric. As you'll see, most of my works move away from realism and into something more fantastical. This is because I draw with my heart, and my eyes are only there to correct. I offer you a glimpse of my vision of flowers, branches in a vase, relaxing sakura blossoms, no longer perfect but conveying the same feeling in our zen corner.It's one of my most popular pieces; what it conveys and its departure from the classic style makes it a great option for bringing life to a small wall without resorting to traditional flower arrangements.","breadcrumb":{"@id":"https:\/\/mariajesussarabiagarcia.com\/product\/spring-classic-3\/#breadcrumb"},"inLanguage":"es","potentialAction":[{"@type":"ReadAction","target":["https:\/\/mariajesussarabiagarcia.com\/product\/spring-classic-3\/"]}]},{"@type":"ImageObject","inLanguage":"es","@id":"https:\/\/mariajesussarabiagarcia.com\/product\/spring-classic-3\/#primaryimage","url":"https:\/\/mariajesussarabiagarcia.com\/wp-content\/uploads\/2025\/12\/Sakura-Acrylic-On-linen-covered-cardboard-Flower-Painting-e1765396842267.webp","contentUrl":"https:\/\/mariajesussarabiagarcia.com\/wp-content\/uploads\/2025\/12\/Sakura-Acrylic-On-linen-covered-cardboard-Flower-Painting-e1765396842267.webp","width":1400,"height":1930,"caption":"Acrylic relief on wood pulp on linen-covered cardboard"},{"@type":"BreadcrumbList","@id":"https:\/\/mariajesussarabiagarcia.com\/product\/spring-classic-3\/#breadcrumb","itemListElement":[{"@type":"ListItem","position":1,"name":"Home","item":"https:\/\/mariajesussarabiagarcia.com\/"},{"@type":"ListItem","position":2,"name":"Gallery","item":"https:\/\/mariajesussarabiagarcia.com\/gallery\/"},{"@type":"ListItem","position":3,"name":"Sakura Acrylic Flower Painting"}]},{"@type":"WebSite","@id":"https:\/\/mariajesussarabiagarcia.com\/#website","url":"https:\/\/mariajesussarabiagarcia.com\/","name":"Maria Jesus Sarabia Garcia","description":"","potentialAction":[{"@type":"SearchAction","target":{"@type":"EntryPoint","urlTemplate":"https:\/\/mariajesussarabiagarcia.com\/?s={search_term_string}"},"query-input":{"@type":"PropertyValueSpecification","valueRequired":true,"valueName":"search_term_string"}}],"inLanguage":"es"}]}},"jetpack_sharing_enabled":true,"_links":{"self":[{"href":"https:\/\/mariajesussarabiagarcia.com\/es\/wp-json\/wp\/v2\/product\/299","targetHints":{"allow":["GET"]}}],"collection":[{"href":"https:\/\/mariajesussarabiagarcia.com\/es\/wp-json\/wp\/v2\/product"}],"about":[{"href":"https:\/\/mariajesussarabiagarcia.com\/es\/wp-json\/wp\/v2\/types\/product"}],"replies":[{"embeddable":true,"href":"https:\/\/mariajesussarabiagarcia.com\/es\/wp-json\/wp\/v2\/comments?post=299"}],"wp:featuredmedia":[{"embeddable":true,"href":"https:\/\/mariajesussarabiagarcia.com\/es\/wp-json\/wp\/v2\/media\/406"}],"wp:attachment":[{"href":"https:\/\/mariajesussarabiagarcia.com\/es\/wp-json\/wp\/v2\/media?parent=299"}],"wp:term":[{"taxonomy":"product_brand","embeddable":true,"href":"https:\/\/mariajesussarabiagarcia.com\/es\/wp-json\/wp\/v2\/product_brand?post=299"},{"taxonomy":"product_cat","embeddable":true,"href":"https:\/\/mariajesussarabiagarcia.com\/es\/wp-json\/wp\/v2\/product_cat?post=299"},{"taxonomy":"product_tag","embeddable":true,"href":"https:\/\/mariajesussarabiagarcia.com\/es\/wp-json\/wp\/v2\/product_tag?post=299"}],"curies":[{"name":"wp","href":"https:\/\/api.w.org\/{rel}","templated":true}]}}