{"id":275,"date":"2025-11-25T13:57:30","date_gmt":"2025-11-25T13:57:30","guid":{"rendered":"https:\/\/mariajesussarabiagarcia.com\/?page_id=275"},"modified":"2026-01-01T11:56:14","modified_gmt":"2026-01-01T11:56:14","slug":"about","status":"publish","type":"page","link":"https:\/\/mariajesussarabiagarcia.com\/es\/about\/","title":{"rendered":"Sobre nosotros"},"content":{"rendered":"<div data-elementor-type=\"wp-page\" data-elementor-id=\"275\" class=\"elementor elementor-275\" data-elementor-post-type=\"page\">\n\t\t\t\t<div class=\"elementor-element elementor-element-7321a05 e-flex e-con-boxed e-con e-parent\" data-id=\"7321a05\" data-element_type=\"container\" data-e-type=\"container\">\n\t\t\t\t\t<div class=\"e-con-inner\">\n\t\t<div class=\"elementor-element elementor-element-d55270c e-con-full e-flex e-con e-child\" data-id=\"d55270c\" data-element_type=\"container\" data-e-type=\"container\">\n\t\t\t\t<div class=\"elementor-element elementor-element-52e5f77 elementor-widget elementor-widget-image\" data-id=\"52e5f77\" data-element_type=\"widget\" data-e-type=\"widget\" data-widget_type=\"image.default\">\n\t\t\t\t\t\t\t\t\t\t\t\t\t\t\t<img fetchpriority=\"high\" decoding=\"async\" width=\"768\" height=\"1024\" src=\"https:\/\/mariajesussarabiagarcia.com\/wp-content\/uploads\/2025\/12\/Piti-Photo-2-scaled-768x1024.jpg\" class=\"attachment-large size-large wp-image-337\" alt=\"\" srcset=\"https:\/\/mariajesussarabiagarcia.com\/wp-content\/uploads\/2025\/12\/Piti-Photo-2-scaled-768x1024.jpg 768w, https:\/\/mariajesussarabiagarcia.com\/wp-content\/uploads\/2025\/12\/Piti-Photo-2-scaled-320x427.jpg 320w, https:\/\/mariajesussarabiagarcia.com\/wp-content\/uploads\/2025\/12\/Piti-Photo-2-scaled-600x800.jpg 600w, https:\/\/mariajesussarabiagarcia.com\/wp-content\/uploads\/2025\/12\/Piti-Photo-2-scaled-225x300.jpg 225w, https:\/\/mariajesussarabiagarcia.com\/wp-content\/uploads\/2025\/12\/Piti-Photo-2-scaled-1152x1536.jpg 1152w, https:\/\/mariajesussarabiagarcia.com\/wp-content\/uploads\/2025\/12\/Piti-Photo-2-scaled-1536x2048.jpg 1536w, https:\/\/mariajesussarabiagarcia.com\/wp-content\/uploads\/2025\/12\/Piti-Photo-2-scaled-9x12.jpg 9w, https:\/\/mariajesussarabiagarcia.com\/wp-content\/uploads\/2025\/12\/Piti-Photo-2-scaled.jpg 1920w\" sizes=\"(max-width: 768px) 100vw, 768px\" \/>\t\t\t\t\t\t\t\t\t\t\t\t\t\t\t<\/div>\n\t\t\t\t<\/div>\n\t\t\t\t<div class=\"elementor-element elementor-element-7c93819 elementor-widget elementor-widget-text-editor\" data-id=\"7c93819\" data-element_type=\"widget\" data-e-type=\"widget\" data-widget_type=\"text-editor.default\">\n\t\t\t\t\t\t\t\t\t<div class=\"Y3BBE\" data-sfc-cp=\"\" data-hveid=\"CAUQAA\"><p>\u00a1Bienvenidos a mi mundo art\u00edstico!<\/p><p>Soy Maria Jesus Sarabia Garcia en mi mundo conocida como Piti, he descubierto mi pasion por el arte de la pintura , soy totalmnte autodidacta dejamdome llevar por mis impulsos, y me encanta compartir con los demas mis  creaciones,  dejo que mis manos creen y de ahy que mis  obras pasen por el realismo al impresionismo y llegen hasta el abstracto.<\/p><p>Influenciada por mis viajes a Africa comence dbujando a carboncillo y grafito toda calse de animales y paisajes  de  la  sabana y de hay  animandome a usar colores me vi sorprendida dando vida a loas obras que os presento e ire presentando de aqui en  adelante .Voy aprediendo por mi misma las combinaciones de colors tecnicas y materialees tanto como los difeereentes tipos de pintura  desde Lapices Sanguinas, Carboncillo,Gouache (esta me tiene totalmente enamorada ), Acrilicos y todo lo que voy provando me resulta apasiomante.<\/p><p>Gracias por visitar mi sitio web y acompa\u00f1arme en este viaje. Te invito a conectarte conmigo en las redes sociales http:\/\/www.youtube.com\/@LaVidaconPityJones<\/p><p>\u00a1Espero compartir mi arte y conectarme contigo!<\/p><p>Saludos cordiales<\/p><p>Mar\u00eda Jes\u00fas Sarabia Garc\u00eda (Piti)<\/p><\/div>\t\t\t\t\t\t\t\t<\/div>\n\t\t\t\t\t<\/div>\n\t\t\t\t<\/div>\n\t\t\t\t<\/div>","protected":false},"excerpt":{"rendered":"<p>Welcome to my artistic world! I&#8217;m Maria Jesus Sarabia Garcia, known as Piti in my online world. I&#8217;ve discovered my passion for painting. I&#8217;m entirely self-taught, letting myself be guided by my impulses, and I love sharing my creations with others. I let my hands create, and that&#8217;s why my works range from realism to [&hellip;]<\/p>\n","protected":false},"author":1,"featured_media":0,"parent":0,"menu_order":0,"comment_status":"closed","ping_status":"closed","template":"","meta":{"footnotes":""},"class_list":["post-275","page","type-page","status-publish","hentry"],"yoast_head":"<!-- This site is optimized with the Yoast SEO plugin v27.5 - https:\/\/yoast.com\/product\/yoast-seo-wordpress\/ -->\n<title>About - Maria Jesus Sarabia Garcia<\/title>\n<meta name=\"robots\" content=\"index, follow, max-snippet:-1, max-image-preview:large, max-video-preview:-1\" \/>\n<link rel=\"canonical\" href=\"https:\/\/mariajesussarabiagarcia.com\/es\/about\/\" \/>\n<meta property=\"og:locale\" content=\"es_ES\" \/>\n<meta property=\"og:type\" content=\"article\" \/>\n<meta property=\"og:title\" content=\"About - Maria Jesus Sarabia Garcia\" \/>\n<meta property=\"og:description\" content=\"Welcome to my artistic world! I&#8217;m Maria Jesus Sarabia Garcia, known as Piti in my online world. I&#8217;ve discovered my passion for painting. I&#8217;m entirely self-taught, letting myself be guided by my impulses, and I love sharing my creations with others. I let my hands create, and that&#8217;s why my works range from realism to [&hellip;]\" \/>\n<meta property=\"og:url\" content=\"https:\/\/mariajesussarabiagarcia.com\/es\/about\/\" \/>\n<meta property=\"og:site_name\" content=\"Maria Jesus Sarabia Garcia\" \/>\n<meta property=\"article:modified_time\" content=\"2026-01-01T11:56:14+00:00\" \/>\n<meta property=\"og:image\" content=\"https:\/\/mariajesussarabiagarcia.com\/wp-content\/uploads\/2025\/12\/Piti-Photo-2-scaled.jpg\" \/>\n\t<meta property=\"og:image:width\" content=\"1920\" \/>\n\t<meta property=\"og:image:height\" content=\"2560\" \/>\n\t<meta property=\"og:image:type\" content=\"image\/jpeg\" \/>\n<meta name=\"twitter:card\" content=\"summary_large_image\" \/>\n<meta name=\"twitter:label1\" content=\"Tiempo de lectura\" \/>\n\t<meta name=\"twitter:data1\" content=\"1 minuto\" \/>\n<script type=\"application\/ld+json\" class=\"yoast-schema-graph\">{\"@context\":\"https:\\\/\\\/schema.org\",\"@graph\":[{\"@type\":\"WebPage\",\"@id\":\"https:\\\/\\\/mariajesussarabiagarcia.com\\\/about\\\/\",\"url\":\"https:\\\/\\\/mariajesussarabiagarcia.com\\\/about\\\/\",\"name\":\"About - Maria Jesus Sarabia Garcia\",\"isPartOf\":{\"@id\":\"https:\\\/\\\/mariajesussarabiagarcia.com\\\/#website\"},\"primaryImageOfPage\":{\"@id\":\"https:\\\/\\\/mariajesussarabiagarcia.com\\\/about\\\/#primaryimage\"},\"image\":{\"@id\":\"https:\\\/\\\/mariajesussarabiagarcia.com\\\/about\\\/#primaryimage\"},\"thumbnailUrl\":\"https:\\\/\\\/mariajesussarabiagarcia.com\\\/wp-content\\\/uploads\\\/2025\\\/12\\\/Piti-Photo-2-scaled-768x1024.jpg\",\"datePublished\":\"2025-11-25T13:57:30+00:00\",\"dateModified\":\"2026-01-01T11:56:14+00:00\",\"breadcrumb\":{\"@id\":\"https:\\\/\\\/mariajesussarabiagarcia.com\\\/about\\\/#breadcrumb\"},\"inLanguage\":\"es\",\"potentialAction\":[{\"@type\":\"ReadAction\",\"target\":[\"https:\\\/\\\/mariajesussarabiagarcia.com\\\/about\\\/\"]}]},{\"@type\":\"ImageObject\",\"inLanguage\":\"es\",\"@id\":\"https:\\\/\\\/mariajesussarabiagarcia.com\\\/about\\\/#primaryimage\",\"url\":\"https:\\\/\\\/mariajesussarabiagarcia.com\\\/wp-content\\\/uploads\\\/2025\\\/12\\\/Piti-Photo-2-scaled-768x1024.jpg\",\"contentUrl\":\"https:\\\/\\\/mariajesussarabiagarcia.com\\\/wp-content\\\/uploads\\\/2025\\\/12\\\/Piti-Photo-2-scaled-768x1024.jpg\"},{\"@type\":\"BreadcrumbList\",\"@id\":\"https:\\\/\\\/mariajesussarabiagarcia.com\\\/about\\\/#breadcrumb\",\"itemListElement\":[{\"@type\":\"ListItem\",\"position\":1,\"name\":\"Home\",\"item\":\"https:\\\/\\\/mariajesussarabiagarcia.com\\\/\"},{\"@type\":\"ListItem\",\"position\":2,\"name\":\"About\"}]},{\"@type\":\"WebSite\",\"@id\":\"https:\\\/\\\/mariajesussarabiagarcia.com\\\/#website\",\"url\":\"https:\\\/\\\/mariajesussarabiagarcia.com\\\/\",\"name\":\"Maria Jesus Sarabia Garcia\",\"description\":\"\",\"potentialAction\":[{\"@type\":\"SearchAction\",\"target\":{\"@type\":\"EntryPoint\",\"urlTemplate\":\"https:\\\/\\\/mariajesussarabiagarcia.com\\\/?s={search_term_string}\"},\"query-input\":{\"@type\":\"PropertyValueSpecification\",\"valueRequired\":true,\"valueName\":\"search_term_string\"}}],\"inLanguage\":\"es\"}]}<\/script>\n<!-- \/ Yoast SEO plugin. -->","yoast_head_json":{"title":"About - Maria Jesus Sarabia Garcia","robots":{"index":"index","follow":"follow","max-snippet":"max-snippet:-1","max-image-preview":"max-image-preview:large","max-video-preview":"max-video-preview:-1"},"canonical":"https:\/\/mariajesussarabiagarcia.com\/es\/about\/","og_locale":"es_ES","og_type":"article","og_title":"About - Maria Jesus Sarabia Garcia","og_description":"Welcome to my artistic world! I&#8217;m Maria Jesus Sarabia Garcia, known as Piti in my online world. I&#8217;ve discovered my passion for painting. I&#8217;m entirely self-taught, letting myself be guided by my impulses, and I love sharing my creations with others. I let my hands create, and that&#8217;s why my works range from realism to [&hellip;]","og_url":"https:\/\/mariajesussarabiagarcia.com\/es\/about\/","og_site_name":"Maria Jesus Sarabia Garcia","article_modified_time":"2026-01-01T11:56:14+00:00","og_image":[{"width":1920,"height":2560,"url":"https:\/\/mariajesussarabiagarcia.com\/wp-content\/uploads\/2025\/12\/Piti-Photo-2-scaled.jpg","type":"image\/jpeg"}],"twitter_card":"summary_large_image","twitter_misc":{"Tiempo de lectura":"1 minuto"},"schema":{"@context":"https:\/\/schema.org","@graph":[{"@type":"WebPage","@id":"https:\/\/mariajesussarabiagarcia.com\/about\/","url":"https:\/\/mariajesussarabiagarcia.com\/about\/","name":"About - Maria Jesus Sarabia Garcia","isPartOf":{"@id":"https:\/\/mariajesussarabiagarcia.com\/#website"},"primaryImageOfPage":{"@id":"https:\/\/mariajesussarabiagarcia.com\/about\/#primaryimage"},"image":{"@id":"https:\/\/mariajesussarabiagarcia.com\/about\/#primaryimage"},"thumbnailUrl":"https:\/\/mariajesussarabiagarcia.com\/wp-content\/uploads\/2025\/12\/Piti-Photo-2-scaled-768x1024.jpg","datePublished":"2025-11-25T13:57:30+00:00","dateModified":"2026-01-01T11:56:14+00:00","breadcrumb":{"@id":"https:\/\/mariajesussarabiagarcia.com\/about\/#breadcrumb"},"inLanguage":"es","potentialAction":[{"@type":"ReadAction","target":["https:\/\/mariajesussarabiagarcia.com\/about\/"]}]},{"@type":"ImageObject","inLanguage":"es","@id":"https:\/\/mariajesussarabiagarcia.com\/about\/#primaryimage","url":"https:\/\/mariajesussarabiagarcia.com\/wp-content\/uploads\/2025\/12\/Piti-Photo-2-scaled-768x1024.jpg","contentUrl":"https:\/\/mariajesussarabiagarcia.com\/wp-content\/uploads\/2025\/12\/Piti-Photo-2-scaled-768x1024.jpg"},{"@type":"BreadcrumbList","@id":"https:\/\/mariajesussarabiagarcia.com\/about\/#breadcrumb","itemListElement":[{"@type":"ListItem","position":1,"name":"Home","item":"https:\/\/mariajesussarabiagarcia.com\/"},{"@type":"ListItem","position":2,"name":"About"}]},{"@type":"WebSite","@id":"https:\/\/mariajesussarabiagarcia.com\/#website","url":"https:\/\/mariajesussarabiagarcia.com\/","name":"Maria Jesus Sarabia Garcia","description":"","potentialAction":[{"@type":"SearchAction","target":{"@type":"EntryPoint","urlTemplate":"https:\/\/mariajesussarabiagarcia.com\/?s={search_term_string}"},"query-input":{"@type":"PropertyValueSpecification","valueRequired":true,"valueName":"search_term_string"}}],"inLanguage":"es"}]}},"jetpack_sharing_enabled":true,"_links":{"self":[{"href":"https:\/\/mariajesussarabiagarcia.com\/es\/wp-json\/wp\/v2\/pages\/275","targetHints":{"allow":["GET"]}}],"collection":[{"href":"https:\/\/mariajesussarabiagarcia.com\/es\/wp-json\/wp\/v2\/pages"}],"about":[{"href":"https:\/\/mariajesussarabiagarcia.com\/es\/wp-json\/wp\/v2\/types\/page"}],"author":[{"embeddable":true,"href":"https:\/\/mariajesussarabiagarcia.com\/es\/wp-json\/wp\/v2\/users\/1"}],"replies":[{"embeddable":true,"href":"https:\/\/mariajesussarabiagarcia.com\/es\/wp-json\/wp\/v2\/comments?post=275"}],"version-history":[{"count":20,"href":"https:\/\/mariajesussarabiagarcia.com\/es\/wp-json\/wp\/v2\/pages\/275\/revisions"}],"predecessor-version":[{"id":561,"href":"https:\/\/mariajesussarabiagarcia.com\/es\/wp-json\/wp\/v2\/pages\/275\/revisions\/561"}],"wp:attachment":[{"href":"https:\/\/mariajesussarabiagarcia.com\/es\/wp-json\/wp\/v2\/media?parent=275"}],"curies":[{"name":"wp","href":"https:\/\/api.w.org\/{rel}","templated":true}]}}